{"id":96,"date":"2025-11-04T17:49:20","date_gmt":"2025-11-04T16:49:20","guid":{"rendered":"http:\/\/xido-demo.pbminfotech.com\/demo2\/?page_id=40655"},"modified":"2026-03-10T09:51:42","modified_gmt":"2026-03-10T08:51:42","slug":"pricing","status":"publish","type":"page","link":"https:\/\/qookieqloud.com\/sv\/pricing\/","title":{"rendered":"Flexibel Priss\u00e4ttning"},"content":{"rendered":"<div data-elementor-type=\"wp-page\" data-elementor-id=\"96\" class=\"elementor elementor-96\" data-elementor-post-type=\"page\">\n\t\t\t\t\t\t<section class=\"elementor-section elementor-top-section elementor-element elementor-element-01aef7b elementor-section-stretched pbmit-bg-color-yes pbmit-elementor-bg-color-light pbmit-col-stretched-none pbmit-bg-color-over-image elementor-section-boxed elementor-section-height-default elementor-section-height-default\" data-id=\"01aef7b\" data-element_type=\"section\" data-e-type=\"section\" data-settings=\"{&quot;stretch_section&quot;:&quot;section-stretched&quot;}\">\n\t\t\t\t\t\t<div class=\"elementor-container elementor-column-gap-no\">\n\t\t\t\t\t<div class=\"elementor-column elementor-col-100 elementor-top-column elementor-element elementor-element-cc077be pbmit-bg-color-over-image\" data-id=\"cc077be\" data-element_type=\"column\" data-e-type=\"column\">\n\t\t\t<div class=\"elementor-widget-wrap elementor-element-populated\">\n\t\t\t\t\t\t<div class=\"elementor-element elementor-element-3a8ecfe pbmit-align-center elementor-widget elementor-widget-pbmit_heading\" data-id=\"3a8ecfe\" data-element_type=\"widget\" data-e-type=\"widget\" data-widget_type=\"pbmit_heading.default\">\n\t\t\t\t<div class=\"elementor-widget-container\">\n\t\t\t\t\t\t<div class=\"pbmit-heading-subheading pbmit-heading-subheading-style-3 center-align pbmit-reverse-heading-yes\"><h4 class=\"pbmit-element-subtitle\"><span>\r\n\t\t\t<\/span>\r\n\t\t\t\r\n\t\t\t\tPrislista \r\n\t\t\t\r\n\t\t\t<\/h4>\r\n\t\t<h2 class=\"pbmit-element-title\">\r\n\t\t\t\r\n\t\t\t\tFlexibla planer f\u00f6r Alla behov\r\n\t\t\t\r\n\t\t\t<\/h2>\r\n\t\t<div class=\"pbmit-heading-desc\">Utforska QookieQloud\u2122-planerna \u2014 fr\u00e5n gratis till premium. V\u00e4lj den perfekta cookie-samtyckesl\u00f6sningen f\u00f6r din webbplats och h\u00e5ll dig GDPR-kompatibel redan idag.<\/div><\/div>\t\t\t\t<\/div>\n\t\t\t\t<\/div>\n\t\t\t\t<div class=\"elementor-element elementor-element-a941feb elementor-widget elementor-widget-pbmit_ptable_element\" data-id=\"a941feb\" data-element_type=\"widget\" data-e-type=\"widget\" data-widget_type=\"pbmit_ptable_element.default\">\n\t\t\t\t<div class=\"elementor-widget-container\">\n\t\t\t\t\t\r\n\t\t<div class=\"pbminfotech-ele pbminfotech-ele-pricing-table pbminfotech-ele-ptable-style-1\">\r\n\r\n\t\t\t\t<div class=\"pbmit-heading-subheading pbmit-heading-subheading-style-1 center-align pbmit-reverse-heading-yes\"><\/div>\r\n\t\t\t<div class=\"pbmit-ptable-cols row multi-columns-row\"><div class=\"pbmit-ptable-col col-lg-4 col-md-6 col-sm-12\"><div class=\"pbmit-pricing-table-box\">\r\n\t\t<div class=\"pbmit-head-wrap\">\r\n\t\t<div class=\"pbminfotech-ptable-price-w\">\r\n\t\t\t<h3 class=\"pbminfotech-ptable-heading\">QookieQloud\u2122 Gratis<\/h3><div class=\"pbminfotech-sep\"><\/div>\t\t\t<div class=\"pbminfotech-ptable-symbol\">\u20ac<\/div> <div class=\"pbminfotech-ptable-price\">0.00<\/div>\t\t\t<div class=\"pbminfotech-ptable-frequency\">per m\u00e5nad<\/div>\t\t<\/div>\r\n\t\t<div class=\"pbmit-ptable-icon\"><div class=\"pbmit-ptable-icon-wrapper\"><i class=\"fas fa-user-alt\"><\/i><\/div><\/div>\t<\/div>\r\n\t<div class=\"pbmit-ptable-inner\">\r\n\t\t<div class=\"pbmit-ptable-lines-w\">\r\n\t\t\t<div class=\"pbmit-ptable-line\"><i class=\"fas fa-chevron-left\"><\/i>Upp till 50 undersidor<\/div><div class=\"pbmit-ptable-line\"><i class=\"mdi mdi-access-time\"><\/i>Samtycke upph\u00f6r efter: 3 m\u00e5nader<\/div><div class=\"pbmit-ptable-line\"><i class=\"fas fa-check\"><\/i>Enkel cookie-deklaration<\/div><div class=\"pbmit-ptable-line\"><i class=\"fas fa-check\"><\/i>Enkelt spr\u00e5k (Av ditt val)<\/div><div class=\"pbmit-ptable-line\"><i class=\"fas fa-check\"><\/i>Standard CSS, ej anpassningsbart<\/div><div class=\"pbmit-ptable-line\"><i class=\"fas fa-check\"><\/i>Automatisk detektering av Darkmode<\/div><div class=\"pbmit-ptable-line\"><i class=\"fas fa-check\"><\/i>V\u00e4lj samtyckesl\u00e4ge<\/div><div class=\"pbmit-ptable-line\"><i class=\"fas fa-check\"><\/i>Tredjepartshantering<\/div><div class=\"pbmit-ptable-line\"><i class=\"fas fa-check\"><\/i>AI Cookie Klassificering &amp; Granskning<\/div><div class=\"pbmit-ptable-line\"><i class=\"fas fa-check\"><\/i>AI Integritetsgranskning &amp; Po\u00e4ng (3 ompr\u00f6vningar\/m\u00e5nad)<\/div>\t\t<\/div>\r\n\t<\/div>\r\n\t<div class=\"pbminfotech-ptable-btn\">\r\n\t\t<div class=\"pbmit-ptable-btn\"><a href=\"\/sv\/helpdesk\/how-to-create-an-account\/\"><span>Kom ig\u00e5ng<\/span><\/a><\/div>\t<\/div>\r\n<\/div><\/div><div class=\"pbmit-pricing-table-featured-col pbmit-ptable-col col-lg-4 col-md-6 col-sm-12\"><div class=\"pbmit-pricing-table-box\">\r\n\t<div class=\"pbmit-ptablebox-featured-w\"><\/div>\t<div class=\"pbmit-head-wrap\">\r\n\t\t<div class=\"pbminfotech-ptable-price-w\">\r\n\t\t\t<h3 class=\"pbminfotech-ptable-heading\">QookieQloud\u2122 Standard<\/h3><div class=\"pbminfotech-sep\"><\/div>\t\t\t<div class=\"pbminfotech-ptable-symbol\">\u20ac<\/div> <div class=\"pbminfotech-ptable-price\">3.95<\/div>\t\t\t<div class=\"pbminfotech-ptable-frequency\">fr\u00e5n ^ per m\u00e5nad<\/div>\t\t<\/div>\r\n\t\t<div class=\"pbmit-ptable-icon\"><div class=\"pbmit-ptable-icon-wrapper\"><i class=\"fas fa-user-tie\"><\/i><\/div><\/div>\t<\/div>\r\n\t<div class=\"pbmit-ptable-inner\">\r\n\t\t<div class=\"pbmit-ptable-lines-w\">\r\n\t\t\t<div class=\"pbmit-ptable-line\"><i class=\"fas fa-chevron-left\"><\/i>Upp till 75 undersidor<\/div><div class=\"pbmit-ptable-line\"><i class=\"mdi mdi-access-time\"><\/i>Samtycke upph\u00f6r efter: 6 m\u00e5nader<\/div><div class=\"pbmit-ptable-line\"><i class=\"fas fa-check\"><\/i>Detaljerad cookie-deklaration<\/div><div class=\"pbmit-ptable-line\"><i class=\"fas fa-check\"><\/i>Flerspr\u00e5kigt st\u00f6d<\/div><div class=\"pbmit-ptable-line\"><i class=\"fas fa-check\"><\/i>Anpassningsbar CSS (F\u00e4rgteman)<\/div><div class=\"pbmit-ptable-line\"><i class=\"fas fa-check\"><\/i>Automatisk detektering av Darkmode<\/div><div class=\"pbmit-ptable-line\"><i class=\"fas fa-check\"><\/i>V\u00e4lj samtyckesl\u00e4ge<\/div><div class=\"pbmit-ptable-line\"><i class=\"fas fa-check\"><\/i>Tredjepartshantering<\/div><div class=\"pbmit-ptable-line\"><i class=\"fas fa-check\"><\/i>Cookiepolicy-generator\/redigerare<\/div><div class=\"pbmit-ptable-line\"><i class=\"fas fa-check\"><\/i>M\u00e5nadsvis Webbskanning<\/div><div class=\"pbmit-ptable-line\"><i class=\"fas fa-check\"><\/i>AI Cookie Klassificering &amp; Granskning<\/div><div class=\"pbmit-ptable-line\"><i class=\"fas fa-check\"><\/i>AI Integritetsgranskning &amp; Po\u00e4ng (3 ompr\u00f6vningar\/vecka)<\/div>\t\t<\/div>\r\n\t<\/div>\r\n\t<div class=\"pbminfotech-ptable-btn\">\r\n\t\t<div class=\"pbmit-ptable-btn\"><a href=\"\/sv\/helpdesk\/how-to-create-an-account\/\"><span>Kom ig\u00e5ng<\/span><\/a><\/div>\t<\/div>\r\n<\/div><\/div><div class=\"pbmit-ptable-col col-lg-4 col-md-6 col-sm-12\"><div class=\"pbmit-pricing-table-box\">\r\n\t\t<div class=\"pbmit-head-wrap\">\r\n\t\t<div class=\"pbminfotech-ptable-price-w\">\r\n\t\t\t<h3 class=\"pbminfotech-ptable-heading\">QookieQloud\u2122 Premium<\/h3><div class=\"pbminfotech-sep\"><\/div>\t\t\t<div class=\"pbminfotech-ptable-symbol\">\u20ac<\/div> <div class=\"pbminfotech-ptable-price\">7.95<\/div>\t\t\t<div class=\"pbminfotech-ptable-frequency\">fr\u00e5n ^ per m\u00e5nad<\/div>\t\t<\/div>\r\n\t\t<div class=\"pbmit-ptable-icon\"><div class=\"pbmit-ptable-icon-wrapper\"><i class=\"fas fa-star\"><\/i><\/div><\/div>\t<\/div>\r\n\t<div class=\"pbmit-ptable-inner\">\r\n\t\t<div class=\"pbmit-ptable-lines-w\">\r\n\t\t\t<div class=\"pbmit-ptable-line\"><i class=\"fas fa-chevron-left\"><\/i>Upp till 5000 undersidor<\/div><div class=\"pbmit-ptable-line\"><i class=\"mdi mdi-access-time\"><\/i>Samtycke upph\u00f6r efter: 12 m\u00e5nader<\/div><div class=\"pbmit-ptable-line\"><i class=\"fas fa-check\"><\/i>Detaljerad cookie-deklaration<\/div><div class=\"pbmit-ptable-line\"><i class=\"fas fa-check\"><\/i>Flerspr\u00e5kigt st\u00f6d<\/div><div class=\"pbmit-ptable-line\"><i class=\"fas fa-check\"><\/i>Anpassningsbar CSS (F\u00e4rgteman)<\/div><div class=\"pbmit-ptable-line\"><i class=\"fas fa-check\"><\/i>Automatisk detektering av Darkmode<\/div><div class=\"pbmit-ptable-line\"><i class=\"fas fa-check\"><\/i>V\u00e4lj samtyckesl\u00e4ge<\/div><div class=\"pbmit-ptable-line\"><i class=\"fas fa-check\"><\/i>Regionala \u00e5sidos\u00e4ttningar<\/div><div class=\"pbmit-ptable-line\"><i class=\"fas fa-check\"><\/i>Tredjepartshantering<\/div><div class=\"pbmit-ptable-line\"><i class=\"fas fa-check\"><\/i>Cookiepolicy-generator\/redigerare<\/div><div class=\"pbmit-ptable-line\"><i class=\"fas fa-check\"><\/i>Egen logotyp p\u00e5 bannern<\/div><div class=\"pbmit-ptable-line\"><i class=\"fas fa-check\"><\/i>Veckovis Webbskanning<\/div><div class=\"pbmit-ptable-line\"><i class=\"fas fa-check\"><\/i>AI Cookie Klassificering &amp; Granskning<\/div><div class=\"pbmit-ptable-line\"><i class=\"fas fa-check\"><\/i>AI Integritetsgranskning &amp; Po\u00e4ng (3 ompr\u00f6vningar\/dag)<\/div>\t\t<\/div>\r\n\t<\/div>\r\n\t<div class=\"pbminfotech-ptable-btn\">\r\n\t\t<div class=\"pbmit-ptable-btn\"><a href=\"\/sv\/helpdesk\/how-to-create-an-account\/\"><span>Kom ig\u00e5ng<\/span><\/a><\/div>\t<\/div>\r\n<\/div><\/div><\/div>\r\n\t\t<\/div><!-- pbminfotech-ele pbminfotech-ele-pricing-table -->\r\n\r\n\t\t\t\t\t\t<\/div>\n\t\t\t\t<\/div>\n\t\t\t\t<div class=\"elementor-section elementor-inner-section elementor-element elementor-element-5224ec3 pbmit-col-stretched-none pbmit-bg-color-over-image elementor-section-boxed elementor-section-height-default elementor-section-height-default\" data-id=\"5224ec3\" data-element_type=\"section\" data-e-type=\"section\">\n\t\t\t\t\t\t<div class=\"elementor-container elementor-column-gap-no\">\n\t\t\t\t\t<div class=\"elementor-column elementor-col-50 elementor-inner-column elementor-element elementor-element-d392e51 pbmit-bg-color-over-image\" data-id=\"d392e51\" data-element_type=\"column\" data-e-type=\"column\">\n\t\t\t<div class=\"elementor-widget-wrap elementor-element-populated\">\n\t\t\t\t\t\t<div class=\"elementor-element elementor-element-582513b elementor-icon-list--layout-traditional elementor-list-item-link-full_width elementor-widget elementor-widget-icon-list\" data-id=\"582513b\" data-element_type=\"widget\" data-e-type=\"widget\" data-widget_type=\"icon-list.default\">\n\t\t\t\t<div class=\"elementor-widget-container\">\n\t\t\t\t\t\t\t<ul class=\"elementor-icon-list-items\">\n\t\t\t\t\t\t\t<li class=\"elementor-icon-list-item\">\n\t\t\t\t\t\t\t\t\t\t\t<span class=\"elementor-icon-list-icon\">\n\t\t\t\t\t\t\t<i aria-hidden=\"true\" class=\"mdi mdi-info-outline\"><\/i>\t\t\t\t\t\t<\/span>\n\t\t\t\t\t\t\t\t\t\t<span class=\"elementor-icon-list-text\">Ytterligare valutor \u00e4r tillg\u00e4ngliga i plattformen.<\/span>\n\t\t\t\t\t\t\t\t\t<\/li>\n\t\t\t\t\t\t<\/ul>\n\t\t\t\t\t\t<\/div>\n\t\t\t\t<\/div>\n\t\t\t\t\t<\/div>\n\t\t<\/div>\n\t\t\t\t<div class=\"elementor-column elementor-col-50 elementor-inner-column elementor-element elementor-element-4a717d8 pbmit-bg-color-over-image\" data-id=\"4a717d8\" data-element_type=\"column\" data-e-type=\"column\">\n\t\t\t<div class=\"elementor-widget-wrap elementor-element-populated\">\n\t\t\t\t\t\t<div class=\"elementor-element elementor-element-075d5e2 elementor-icon-list--layout-traditional elementor-list-item-link-full_width elementor-widget elementor-widget-icon-list\" data-id=\"075d5e2\" data-element_type=\"widget\" data-e-type=\"widget\" data-widget_type=\"icon-list.default\">\n\t\t\t\t<div class=\"elementor-widget-container\">\n\t\t\t\t\t\t\t<ul class=\"elementor-icon-list-items\">\n\t\t\t\t\t\t\t<li class=\"elementor-icon-list-item\">\n\t\t\t\t\t\t\t\t\t\t\t<span class=\"elementor-icon-list-icon\">\n\t\t\t\t\t\t\t<i aria-hidden=\"true\" class=\"mdi mdi-check\"><\/i>\t\t\t\t\t\t<\/span>\n\t\t\t\t\t\t\t\t\t\t<span class=\"elementor-icon-list-text\">Avbryt n\u00e4rsomhelst<\/span>\n\t\t\t\t\t\t\t\t\t<\/li>\n\t\t\t\t\t\t<\/ul>\n\t\t\t\t\t\t<\/div>\n\t\t\t\t<\/div>\n\t\t\t\t\t<\/div>\n\t\t<\/div>\n\t\t\t\t\t<\/div>\n\t\t<\/div>\n\t\t\t\t\t<\/div>\n\t\t<\/div>\n\t\t\t\t\t<\/div>\n\t\t<\/section>\n\t\t\t\t<section class=\"elementor-section elementor-top-section elementor-element elementor-element-41c8f065 elementor-section-content-middle elementor-section-stretched pbmit-col-stretched-none pbmit-bg-color-over-image elementor-section-boxed elementor-section-height-default elementor-section-height-default\" data-id=\"41c8f065\" data-element_type=\"section\" data-e-type=\"section\" id=\"get-started\" data-settings=\"{&quot;stretch_section&quot;:&quot;section-stretched&quot;}\">\n\t\t\t\t\t\t<div class=\"elementor-container elementor-column-gap-no\">\n\t\t\t\t\t<div class=\"elementor-column elementor-col-50 elementor-top-column elementor-element elementor-element-222256a8 pbmit-bg-color-over-image\" data-id=\"222256a8\" data-element_type=\"column\" data-e-type=\"column\">\n\t\t\t<div class=\"elementor-widget-wrap elementor-element-populated\">\n\t\t\t\t\t\t<div class=\"elementor-element elementor-element-75239a06 pbmit-align-left elementor-widget elementor-widget-pbmit_custom_heading\" data-id=\"75239a06\" data-element_type=\"widget\" data-e-type=\"widget\" data-widget_type=\"pbmit_custom_heading.default\">\n\t\t\t\t<div class=\"elementor-widget-container\">\n\t\t\t\t\t\t<div class=\"pbmit-custom-heading left-align\"><h2 class=\"pbmit-element-title\">\r\n\t\t\t\r\n\t\t\t\tKom ig\u00e5ng med QookieQloud\u2122,  <a href=\"#\" class=\"pbmit-underline-text-style-1\">helt gratis<\/a>!\r\n\t\t\t\r\n\t\t\t<\/h2>\r\n\t\t<\/div>\t\t\t\t<\/div>\n\t\t\t\t<\/div>\n\t\t\t\t<div class=\"elementor-element elementor-element-48116839 elementor-widget elementor-widget-text-editor\" data-id=\"48116839\" data-element_type=\"widget\" data-e-type=\"widget\" data-widget_type=\"text-editor.default\">\n\t\t\t\t<div class=\"elementor-widget-container\">\n\t\t\t\t\t\t\t\t\t<p>Din cookie-efterlevnad. <span style=\"text-decoration: underline;\"><strong>Hanterad<\/strong><\/span>. <br \/>\u2013 Ingen komplicerad installation, <strong>bara resultat<\/strong>.<\/p>\t\t\t\t\t\t\t\t<\/div>\n\t\t\t\t<\/div>\n\t\t\t\t<div class=\"elementor-element elementor-element-50c95223 pbmit-btn-color-gradient pbmit-gradient pbmit-btn-hover-color-gradient pbmit-gradient pbmit-btn-shape-round elementor-align-justify pbmit-btn-style-flat elementor-widget elementor-widget-button\" data-id=\"50c95223\" data-element_type=\"widget\" data-e-type=\"widget\" data-widget_type=\"button.default\">\n\t\t\t\t<div class=\"elementor-widget-container\">\n\t\t\t\t\t\t\t\t\t<div class=\"elementor-button-wrapper\">\n\t\t\t\t\t<a class=\"elementor-button elementor-button-link elementor-size-xl\" href=\"https:\/\/app.qookie.cloud\/register\/\" target=\"_blank\">\n\t\t\t\t\t\t<span class=\"elementor-button-content-wrapper\">\n\t\t\t\t\t\t\t\t\t<span class=\"elementor-button-text\">REGISTRERA DIG<\/span>\n\t\t\t\t\t<\/span>\n\t\t\t\t\t<\/a>\n\t\t\t\t<\/div>\n\t\t\t\t\t\t\t\t<\/div>\n\t\t\t\t<\/div>\n\t\t\t\t<div class=\"elementor-section elementor-inner-section elementor-element elementor-element-48b1d0a4 pbmit-col-stretched-none pbmit-bg-color-over-image elementor-section-boxed elementor-section-height-default elementor-section-height-default\" data-id=\"48b1d0a4\" data-element_type=\"section\" data-e-type=\"section\">\n\t\t\t\t\t\t<div class=\"elementor-container elementor-column-gap-no\">\n\t\t\t\t\t<div class=\"elementor-column elementor-col-50 elementor-inner-column elementor-element elementor-element-59d7fcdd pbmit-bg-color-over-image\" data-id=\"59d7fcdd\" data-element_type=\"column\" data-e-type=\"column\">\n\t\t\t<div class=\"elementor-widget-wrap elementor-element-populated\">\n\t\t\t\t\t\t<div class=\"elementor-element elementor-element-77dad1f1 elementor-icon-list--layout-traditional elementor-list-item-link-full_width elementor-widget elementor-widget-icon-list\" data-id=\"77dad1f1\" data-element_type=\"widget\" data-e-type=\"widget\" data-widget_type=\"icon-list.default\">\n\t\t\t\t<div class=\"elementor-widget-container\">\n\t\t\t\t\t\t\t<ul class=\"elementor-icon-list-items\">\n\t\t\t\t\t\t\t<li class=\"elementor-icon-list-item\">\n\t\t\t\t\t\t\t\t\t\t\t<span class=\"elementor-icon-list-icon\">\n\t\t\t\t\t\t\t<i aria-hidden=\"true\" class=\"mdi mdi-check\"><\/i>\t\t\t\t\t\t<\/span>\n\t\t\t\t\t\t\t\t\t\t<span class=\"elementor-icon-list-text\">Inget kreditkort kr\u00e4vs<\/span>\n\t\t\t\t\t\t\t\t\t<\/li>\n\t\t\t\t\t\t<\/ul>\n\t\t\t\t\t\t<\/div>\n\t\t\t\t<\/div>\n\t\t\t\t\t<\/div>\n\t\t<\/div>\n\t\t\t\t<div class=\"elementor-column elementor-col-50 elementor-inner-column elementor-element elementor-element-41f3d0ef pbmit-bg-color-over-image\" data-id=\"41f3d0ef\" data-element_type=\"column\" data-e-type=\"column\">\n\t\t\t<div class=\"elementor-widget-wrap elementor-element-populated\">\n\t\t\t\t\t\t<div class=\"elementor-element elementor-element-59406802 elementor-icon-list--layout-traditional elementor-list-item-link-full_width elementor-widget elementor-widget-icon-list\" data-id=\"59406802\" data-element_type=\"widget\" data-e-type=\"widget\" data-widget_type=\"icon-list.default\">\n\t\t\t\t<div class=\"elementor-widget-container\">\n\t\t\t\t\t\t\t<ul class=\"elementor-icon-list-items\">\n\t\t\t\t\t\t\t<li class=\"elementor-icon-list-item\">\n\t\t\t\t\t\t\t\t\t\t\t<span class=\"elementor-icon-list-icon\">\n\t\t\t\t\t\t\t<i aria-hidden=\"true\" class=\"mdi mdi-check\"><\/i>\t\t\t\t\t\t<\/span>\n\t\t\t\t\t\t\t\t\t\t<span class=\"elementor-icon-list-text\">Avbryt n\u00e4rsomhelst<\/span>\n\t\t\t\t\t\t\t\t\t<\/li>\n\t\t\t\t\t\t<\/ul>\n\t\t\t\t\t\t<\/div>\n\t\t\t\t<\/div>\n\t\t\t\t\t<\/div>\n\t\t<\/div>\n\t\t\t\t\t<\/div>\n\t\t<\/div>\n\t\t\t\t\t<\/div>\n\t\t<\/div>\n\t\t\t\t<div class=\"elementor-column elementor-col-50 elementor-top-column elementor-element elementor-element-1bdc045 pbmit-bg-color-over-image\" data-id=\"1bdc045\" data-element_type=\"column\" data-e-type=\"column\">\n\t\t\t<div class=\"elementor-widget-wrap elementor-element-populated\">\n\t\t\t\t\t\t<div class=\"elementor-element elementor-element-36dc0db8 elementor-widget elementor-widget-image\" data-id=\"36dc0db8\" data-element_type=\"widget\" data-e-type=\"widget\" data-widget_type=\"image.default\">\n\t\t\t\t<div class=\"elementor-widget-container\">\n\t\t\t\t\t\t\t\t\t\t\t\t\t\t\t<img fetchpriority=\"high\" decoding=\"async\" width=\"847\" height=\"847\" src=\"https:\/\/qookieqloud.com\/wp-content\/uploads\/2025\/11\/qookieqloud-getstarted.png\" class=\"attachment-large size-large wp-image-402\" alt=\"\" srcset=\"https:\/\/qookieqloud.com\/wp-content\/uploads\/2025\/11\/qookieqloud-getstarted.png 1024w, https:\/\/qookieqloud.com\/wp-content\/uploads\/2025\/11\/qookieqloud-getstarted-300x300.png 300w, https:\/\/qookieqloud.com\/wp-content\/uploads\/2025\/11\/qookieqloud-getstarted-150x150.png 150w, https:\/\/qookieqloud.com\/wp-content\/uploads\/2025\/11\/qookieqloud-getstarted-768x768.png 768w\" sizes=\"(max-width: 847px) 100vw, 847px\" \/>\t\t\t\t\t\t\t\t\t\t\t\t\t\t\t<\/div>\n\t\t\t\t<\/div>\n\t\t\t\t\t<\/div>\n\t\t<\/div>\n\t\t\t\t\t<\/div>\n\t\t<\/section>\n\t\t\t\t<\/div>","protected":false},"excerpt":{"rendered":"<p>Pricing Table Flexible Plans for Every Need Discover QookieQloud\u2122 pricing plans \u2014 from free to premium. Choose the perfect cookie consent solution for your website and stay GDPR-compliant today QookieQloud\u2122 Free \u20ac 0.00 per month Up to 50 subpagesConsent Expiration: 3 monthsSimple Cookie-declarationSingle language (Of your choice)Standard CSS, non-customizableAutomatic Darkmode DetectionConsentmode Selector3rd party Service ManagerAI [&hellip;]<\/p>","protected":false},"author":1,"featured_media":0,"parent":0,"menu_order":15,"comment_status":"closed","ping_status":"closed","template":"","meta":{"_acf_changed":false,"footnotes":""},"class_list":["post-96","page","type-page","status-publish","hentry"],"acf":[],"aioseo_notices":[],"_links":{"self":[{"href":"https:\/\/qookieqloud.com\/sv\/wp-json\/wp\/v2\/pages\/96","targetHints":{"allow":["GET"]}}],"collection":[{"href":"https:\/\/qookieqloud.com\/sv\/wp-json\/wp\/v2\/pages"}],"about":[{"href":"https:\/\/qookieqloud.com\/sv\/wp-json\/wp\/v2\/types\/page"}],"author":[{"embeddable":true,"href":"https:\/\/qookieqloud.com\/sv\/wp-json\/wp\/v2\/users\/1"}],"replies":[{"embeddable":true,"href":"https:\/\/qookieqloud.com\/sv\/wp-json\/wp\/v2\/comments?post=96"}],"version-history":[{"count":38,"href":"https:\/\/qookieqloud.com\/sv\/wp-json\/wp\/v2\/pages\/96\/revisions"}],"predecessor-version":[{"id":1852,"href":"https:\/\/qookieqloud.com\/sv\/wp-json\/wp\/v2\/pages\/96\/revisions\/1852"}],"wp:attachment":[{"href":"https:\/\/qookieqloud.com\/sv\/wp-json\/wp\/v2\/media?parent=96"}],"curies":[{"name":"wp","href":"https:\/\/api.w.org\/{rel}","templated":true}]}}